{"id":2022,"date":"2024-01-08T22:02:24","date_gmt":"2024-01-09T01:02:24","guid":{"rendered":"https:\/\/bolsadeterras.com.br\/politica-de-privacidad\/"},"modified":"2024-09-16T14:58:45","modified_gmt":"2024-09-16T17:58:45","slug":"politica-de-privacidad","status":"publish","type":"page","link":"https:\/\/bolsadeterras.com.br\/es\/politica-de-privacidad\/","title":{"rendered":"Pol\u00edtica de privacidad"},"content":{"rendered":"\t\t<div data-elementor-type=\"wp-page\" data-elementor-id=\"2022\" class=\"elementor elementor-2022 elementor-26\" data-elementor-post-type=\"page\">\n\t\t\t\t<div class=\"elementor-element elementor-element-615d2a9 e-flex e-con-boxed e-con e-parent\" data-id=\"615d2a9\" data-element_type=\"container\" data-e-type=\"container\" data-settings=\"{&quot;background_background&quot;:&quot;gradient&quot;}\">\n\t\t\t\t\t<div class=\"e-con-inner\">\n\t\t\t\t<div class=\"elementor-element elementor-element-e95c4b3 elementor-widget elementor-widget-heading\" data-id=\"e95c4b3\" data-element_type=\"widget\" data-e-type=\"widget\" data-widget_type=\"heading.default\">\n\t\t\t\t<div class=\"elementor-widget-container\">\n\t\t\t\t\t<h1 class=\"elementor-heading-title elementor-size-default\">Pol\u00edtica de privacidad<\/h1>\t\t\t\t<\/div>\n\t\t\t\t<\/div>\n\t\t\t\t\t<\/div>\n\t\t\t\t<\/div>\n\t\t<div class=\"elementor-element elementor-element-e63ad55 e-flex e-con-boxed e-con e-parent\" data-id=\"e63ad55\" data-element_type=\"container\" data-e-type=\"container\">\n\t\t\t\t\t<div class=\"e-con-inner\">\n\t\t\t\t<div class=\"elementor-element elementor-element-98a4c4e elementor-widget elementor-widget-text-editor\" data-id=\"98a4c4e\" data-element_type=\"widget\" data-e-type=\"widget\" data-widget_type=\"text-editor.default\">\n\t\t\t\t<div class=\"elementor-widget-container\">\n\t\t\t\t\t\t\t\t\tValoramos tu privacidad y nos comprometemos a proteger la informaci\u00f3n personal que compartes con nosotros.\nEsta Pol\u00edtica de Privacidad describe c\u00f3mo recogemos, utilizamos, almacenamos y protegemos tu informaci\u00f3n personal.   <h2>1. Recopilaci\u00f3n de informaci\u00f3n<\/h2>\n<strong>Informaci\u00f3n facilitada voluntariamente:<\/strong> Recogemos la informaci\u00f3n personal que nos proporcionas voluntariamente al utilizar nuestro sitio web, como tu nombre, direcci\u00f3n de correo electr\u00f3nico y otros datos de contacto.\nEsto puede incluir formularios de solicitud, registros o cualquier otra interacci\u00f3n directa con nuestros servicios. <strong>Informaci\u00f3n recopilada autom\u00e1ticamente:<\/strong> Podemos recopilar informaci\u00f3n autom\u00e1ticamente mediante el uso de cookies, balizas web y tecnolog\u00edas similares.\nEsta informaci\u00f3n puede incluir tu direcci\u00f3n IP, tipo de navegador, idioma del navegador, horas de acceso y direcciones de sitios web de referencia. <strong>Cookies y tecnolog\u00edas similares:<\/strong> Las cookies son peque\u00f1os archivos de datos que se almacenan en tu dispositivo.\nUtilizamos cookies para mejorar la funcionalidad del sitio web, personalizar tu experiencia, analizar nuestro tr\u00e1fico y con fines de marketing.\nPuedes controlar el uso de cookies a trav\u00e9s de la configuraci\u00f3n de tu navegador, pero esto puede afectar a la funcionalidad del sitio web.      <h2>2. Uso de la informaci\u00f3n<\/h2>  La informaci\u00f3n recopilada se utiliza para diversos fines, entre ellos: <strong>Proporcionar y mejorar los servicios:<\/strong> Utilizamos tu informaci\u00f3n para proporcionar, operar, mantener y mejorar nuestros servicios.\nEsto incluye el desarrollo de nuevos productos y servicios, as\u00ed como la personalizaci\u00f3n de tu experiencia. \n<strong>Comunicaci\u00f3n:<\/strong> Utilizamos tu informaci\u00f3n de contacto para enviarte comunicaciones importantes, como confirmaciones de transacciones, avisos sobre cambios en nuestros t\u00e9rminos, condiciones y pol\u00edticas, y atenci\u00f3n al cliente. \n<strong>Marketing:<\/strong> Con tu consentimiento, podemos utilizar tus datos para enviarte boletines informativos, ofertas promocionales y otra informaci\u00f3n que pueda ser de tu inter\u00e9s. \n<strong>Cumplimiento legal:<\/strong> Podemos utilizar tu informaci\u00f3n para cumplir obligaciones legales y reglamentarias, responder a procedimientos legales o a solicitudes de autoridades gubernamentales.      <h2>3. Compartir informaci\u00f3n<\/h2>\n<strong>Proveedores de servicios:<\/strong> Podemos compartir tu informaci\u00f3n personal con proveedores de servicios que nos ayudan a gestionar nuestro negocio, como servicios de alojamiento de sitios web, an\u00e1lisis de datos, procesamiento de pagos, env\u00edo de correos electr\u00f3nicos y servicio de atenci\u00f3n al cliente. \n<strong>Transacciones comerciales:<\/strong> En caso de fusi\u00f3n, adquisici\u00f3n o venta de activos, tu informaci\u00f3n personal puede ser transferida.\nTe notificaremos dicha transferencia y cualquier cambio en la pol\u00edtica de privacidad aplicable. \n<strong>Requisitos legales:<\/strong> Podemos revelar tu informaci\u00f3n personal para cumplir las leyes y normativas aplicables, responder a una citaci\u00f3n, orden judicial u otro proceso legal, o para proteger nuestros derechos y seguridad y los derechos y seguridad de nuestros usuarios y del p\u00fablico.     <h2>4. Protecci\u00f3n de la informaci\u00f3n<\/h2>  Hemos implementado medidas de seguridad t\u00e9cnicas, administrativas y f\u00edsicas para proteger tu informaci\u00f3n personal del acceso, uso o divulgaci\u00f3n no autorizados.\nEstas medidas incluyen <strong>Encriptaci\u00f3n:<\/strong> Utilizamos la encriptaci\u00f3n para proteger los datos sensibles transmitidos en l\u00ednea. \n<strong>Controles de acceso:<\/strong> Limitamos el acceso a tu informaci\u00f3n personal a los empleados, contratistas y agentes que la necesitan para operar, desarrollar o mejorar nuestros servicios. \nAuditor\u00edas<strong>y supervisi\u00f3n:<\/strong> Llevamos a cabo auditor\u00edas peri\u00f3dicas y una supervisi\u00f3n continua de nuestros sistemas para prevenir y detectar cualquier actividad sospechosa.     <h2>5. Conservaci\u00f3n de datos<\/h2>  Conservaremos tus datos personales s\u00f3lo durante el tiempo necesario para cumplir los fines para los que fueron recogidos.\nLos criterios utilizados para determinar nuestros periodos de conservaci\u00f3n incluyen: <strong>Necesidad operativa:<\/strong> Conservar la informaci\u00f3n para mantener nuestros registros empresariales, responder a consultas, resolver litigios o cumplir obligaciones legales. \n<strong>Obligaci\u00f3n legal:<\/strong> Para cumplir requisitos legales, contables o de elaboraci\u00f3n de informes.    <h2>6. Tus derechos<\/h2>  Tienes varios derechos en relaci\u00f3n con tu informaci\u00f3n personal, entre ellos: <strong>Derecho de acceso:<\/strong> Solicitar una copia de la informaci\u00f3n personal que tenemos sobre ti. \n<strong>Derecho de rectificaci\u00f3n:<\/strong> Solicitar la rectificaci\u00f3n de informaci\u00f3n personal inexacta o incompleta. \n<strong>Derecho de Supresi\u00f3n:<\/strong> Solicitar la supresi\u00f3n de tu informaci\u00f3n personal, sujeto a ciertas excepciones. \n<strong>Derecho<\/strong> de oposici\u00f3n<strong>:<\/strong> oponerte al tratamiento de tus datos personales con fines de marketing directo u otros intereses leg\u00edtimos. \n<strong>Derecho de Portabilidad:<\/strong> Para solicitar la transferencia de tu informaci\u00f3n personal a ti o a otro proveedor de servicios, cuando sea t\u00e9cnicamente factible.\nPara ejercer estos derechos, ponte en contacto con nosotros a trav\u00e9s de los medios proporcionados en el sitio web.       <h2>7. Cookies y tecnolog\u00edas similares<\/h2>\n<strong>Uso de cookies:<\/strong> Utilizamos cookies para recopilar informaci\u00f3n sobre tus actividades en l\u00ednea a lo largo del tiempo y en diferentes sitios web con el fin de ofrecerte contenidos y anuncios que sean relevantes para ti. \n<strong>Configuraci\u00f3n de las<\/strong> cookies<strong>:<\/strong> Puedes gestionar la configuraci\u00f3n de las cookies en tu navegador.\nSin embargo, deshabilitar las cookies puede afectar a la funcionalidad del sitio web y a tu experiencia como usuario.    <h2>8. Enlaces a sitios de terceros<\/h2>  Nuestro sitio web puede contener enlaces a sitios web de terceros.\nEsta Pol\u00edtica de Privacidad no se aplica a esos sitios, y no somos responsables de las pr\u00e1cticas de privacidad ni del contenido de esos sitios.\nTe recomendamos que leas las pol\u00edticas de privacidad de cualquier sitio web de terceros que visites.    <h2>9. Cambios en esta Pol\u00edtica de Privacidad<\/h2>  Podemos actualizar esta Pol\u00edtica de Privacidad de vez en cuando para reflejar cambios en nuestras pr\u00e1cticas o por otras razones operativas, legales o reglamentarias.\nCuando realicemos cambios, actualizaremos la fecha de \u00ab\u00daltima actualizaci\u00f3n\u00bb en la parte superior de esta pol\u00edtica.\nTe animamos a que revises esta p\u00e1gina con regularidad para mantenerte informado sobre nuestras pr\u00e1cticas de privacidad.    <h2>10. Contacta con<\/h2>  Si tienes alguna pregunta o duda sobre esta Pol\u00edtica de privacidad o sobre nuestras pr\u00e1cticas de privacidad, ponte en contacto con nosotros a trav\u00e9s de los medios proporcionados en el sitio web.\nEstamos aqu\u00ed para ayudarte y te responderemos lo antes posible. \t\t\t\t\t\t\t\t<\/div>\n\t\t\t\t<\/div>\n\t\t\t\t\t<\/div>\n\t\t\t\t<\/div>\n\t\t\t\t<\/div>\n\t\t","protected":false},"excerpt":{"rendered":"<p>Pol\u00edtica de privacidad Valoramos tu privacidad y nos comprometemos a proteger la informaci\u00f3n personal que compartes con nosotros. Esta Pol\u00edtica de Privacidad describe c\u00f3mo recogemos, utilizamos, almacenamos y protegemos tu informaci\u00f3n personal. 1. Recopilaci\u00f3n de informaci\u00f3n Informaci\u00f3n facilitada voluntariamente: Recogemos la informaci\u00f3n personal que nos proporcionas voluntariamente al utilizar nuestro sitio web, como tu nombre, [&hellip;]<\/p>\n","protected":false},"author":1,"featured_media":0,"parent":0,"menu_order":0,"comment_status":"closed","ping_status":"closed","template":"elementor_header_footer","meta":{"_joinchat":[],"footnotes":""},"class_list":["post-2022","page","type-page","status-publish","hentry"],"yoast_head":"<!-- This site is optimized with the Yoast SEO plugin v27.0 - https:\/\/yoast.com\/product\/yoast-seo-wordpress\/ -->\n<title>Pol\u00edtica de privacidad - Bolsa de Terras<\/title>\n<meta name=\"robots\" content=\"index, follow, max-snippet:-1, max-image-preview:large, max-video-preview:-1\" \/>\n<link rel=\"canonical\" href=\"https:\/\/bolsadeterras.com.br\/es\/politica-de-privacidad\/\" \/>\n<meta property=\"og:locale\" content=\"es_ES\" \/>\n<meta property=\"og:type\" content=\"article\" \/>\n<meta property=\"og:title\" content=\"Pol\u00edtica de privacidad - Bolsa de Terras\" \/>\n<meta property=\"og:description\" content=\"Pol\u00edtica de privacidad Valoramos tu privacidad y nos comprometemos a proteger la informaci\u00f3n personal que compartes con nosotros. Esta Pol\u00edtica de Privacidad describe c\u00f3mo recogemos, utilizamos, almacenamos y protegemos tu informaci\u00f3n personal. 1. Recopilaci\u00f3n de informaci\u00f3n Informaci\u00f3n facilitada voluntariamente: Recogemos la informaci\u00f3n personal que nos proporcionas voluntariamente al utilizar nuestro sitio web, como tu nombre, [&hellip;]\" \/>\n<meta property=\"og:url\" content=\"https:\/\/bolsadeterras.com.br\/es\/politica-de-privacidad\/\" \/>\n<meta property=\"og:site_name\" content=\"Bolsa de Terras\" \/>\n<meta property=\"article:modified_time\" content=\"2024-09-16T17:58:45+00:00\" \/>\n<meta name=\"twitter:card\" content=\"summary_large_image\" \/>\n<meta name=\"twitter:label1\" content=\"Tiempo de lectura\" \/>\n\t<meta name=\"twitter:data1\" content=\"5 minutos\" \/>\n<script type=\"application\/ld+json\" class=\"yoast-schema-graph\">{\"@context\":\"https:\/\/schema.org\",\"@graph\":[{\"@type\":\"WebPage\",\"@id\":\"https:\/\/bolsadeterras.com.br\/es\/politica-de-privacidad\/\",\"url\":\"https:\/\/bolsadeterras.com.br\/es\/politica-de-privacidad\/\",\"name\":\"Pol\u00edtica de privacidad - Bolsa de Terras\",\"isPartOf\":{\"@id\":\"https:\/\/bolsadeterras.com.br\/es\/#website\"},\"datePublished\":\"2024-01-09T01:02:24+00:00\",\"dateModified\":\"2024-09-16T17:58:45+00:00\",\"breadcrumb\":{\"@id\":\"https:\/\/bolsadeterras.com.br\/es\/politica-de-privacidad\/#breadcrumb\"},\"inLanguage\":\"es\",\"potentialAction\":[{\"@type\":\"ReadAction\",\"target\":[\"https:\/\/bolsadeterras.com.br\/es\/politica-de-privacidad\/\"]}]},{\"@type\":\"BreadcrumbList\",\"@id\":\"https:\/\/bolsadeterras.com.br\/es\/politica-de-privacidad\/#breadcrumb\",\"itemListElement\":[{\"@type\":\"ListItem\",\"position\":1,\"name\":\"In\u00edcio\",\"item\":\"https:\/\/bolsadeterras.com.br\/es\/pagina-de-inicio\/\"},{\"@type\":\"ListItem\",\"position\":2,\"name\":\"Pol\u00edtica de privacidad\"}]},{\"@type\":\"WebSite\",\"@id\":\"https:\/\/bolsadeterras.com.br\/es\/#website\",\"url\":\"https:\/\/bolsadeterras.com.br\/es\/\",\"name\":\"Bolsa de Terras\",\"description\":\"Boutique de neg\u00f3cios que conecta investidores, intermediadores e propriet\u00e1rios de terras\",\"potentialAction\":[{\"@type\":\"SearchAction\",\"target\":{\"@type\":\"EntryPoint\",\"urlTemplate\":\"https:\/\/bolsadeterras.com.br\/es\/?s={search_term_string}\"},\"query-input\":{\"@type\":\"PropertyValueSpecification\",\"valueRequired\":true,\"valueName\":\"search_term_string\"}}],\"inLanguage\":\"es\"}]}<\/script>\n<!-- \/ Yoast SEO plugin. -->","yoast_head_json":{"title":"Pol\u00edtica de privacidad - Bolsa de Terras","robots":{"index":"index","follow":"follow","max-snippet":"max-snippet:-1","max-image-preview":"max-image-preview:large","max-video-preview":"max-video-preview:-1"},"canonical":"https:\/\/bolsadeterras.com.br\/es\/politica-de-privacidad\/","og_locale":"es_ES","og_type":"article","og_title":"Pol\u00edtica de privacidad - Bolsa de Terras","og_description":"Pol\u00edtica de privacidad Valoramos tu privacidad y nos comprometemos a proteger la informaci\u00f3n personal que compartes con nosotros. Esta Pol\u00edtica de Privacidad describe c\u00f3mo recogemos, utilizamos, almacenamos y protegemos tu informaci\u00f3n personal. 1. Recopilaci\u00f3n de informaci\u00f3n Informaci\u00f3n facilitada voluntariamente: Recogemos la informaci\u00f3n personal que nos proporcionas voluntariamente al utilizar nuestro sitio web, como tu nombre, [&hellip;]","og_url":"https:\/\/bolsadeterras.com.br\/es\/politica-de-privacidad\/","og_site_name":"Bolsa de Terras","article_modified_time":"2024-09-16T17:58:45+00:00","twitter_card":"summary_large_image","twitter_misc":{"Tiempo de lectura":"5 minutos"},"schema":{"@context":"https:\/\/schema.org","@graph":[{"@type":"WebPage","@id":"https:\/\/bolsadeterras.com.br\/es\/politica-de-privacidad\/","url":"https:\/\/bolsadeterras.com.br\/es\/politica-de-privacidad\/","name":"Pol\u00edtica de privacidad - Bolsa de Terras","isPartOf":{"@id":"https:\/\/bolsadeterras.com.br\/es\/#website"},"datePublished":"2024-01-09T01:02:24+00:00","dateModified":"2024-09-16T17:58:45+00:00","breadcrumb":{"@id":"https:\/\/bolsadeterras.com.br\/es\/politica-de-privacidad\/#breadcrumb"},"inLanguage":"es","potentialAction":[{"@type":"ReadAction","target":["https:\/\/bolsadeterras.com.br\/es\/politica-de-privacidad\/"]}]},{"@type":"BreadcrumbList","@id":"https:\/\/bolsadeterras.com.br\/es\/politica-de-privacidad\/#breadcrumb","itemListElement":[{"@type":"ListItem","position":1,"name":"In\u00edcio","item":"https:\/\/bolsadeterras.com.br\/es\/pagina-de-inicio\/"},{"@type":"ListItem","position":2,"name":"Pol\u00edtica de privacidad"}]},{"@type":"WebSite","@id":"https:\/\/bolsadeterras.com.br\/es\/#website","url":"https:\/\/bolsadeterras.com.br\/es\/","name":"Bolsa de Terras","description":"Boutique de neg\u00f3cios que conecta investidores, intermediadores e propriet\u00e1rios de terras","potentialAction":[{"@type":"SearchAction","target":{"@type":"EntryPoint","urlTemplate":"https:\/\/bolsadeterras.com.br\/es\/?s={search_term_string}"},"query-input":{"@type":"PropertyValueSpecification","valueRequired":true,"valueName":"search_term_string"}}],"inLanguage":"es"}]}},"_links":{"self":[{"href":"https:\/\/bolsadeterras.com.br\/es\/wp-json\/wp\/v2\/pages\/2022","targetHints":{"allow":["GET"]}}],"collection":[{"href":"https:\/\/bolsadeterras.com.br\/es\/wp-json\/wp\/v2\/pages"}],"about":[{"href":"https:\/\/bolsadeterras.com.br\/es\/wp-json\/wp\/v2\/types\/page"}],"author":[{"embeddable":true,"href":"https:\/\/bolsadeterras.com.br\/es\/wp-json\/wp\/v2\/users\/1"}],"replies":[{"embeddable":true,"href":"https:\/\/bolsadeterras.com.br\/es\/wp-json\/wp\/v2\/comments?post=2022"}],"version-history":[{"count":1,"href":"https:\/\/bolsadeterras.com.br\/es\/wp-json\/wp\/v2\/pages\/2022\/revisions"}],"predecessor-version":[{"id":2023,"href":"https:\/\/bolsadeterras.com.br\/es\/wp-json\/wp\/v2\/pages\/2022\/revisions\/2023"}],"wp:attachment":[{"href":"https:\/\/bolsadeterras.com.br\/es\/wp-json\/wp\/v2\/media?parent=2022"}],"curies":[{"name":"wp","href":"https:\/\/api.w.org\/{rel}","templated":true}]}}